{"id":1300,"date":"2025-07-18T19:42:21","date_gmt":"2025-07-18T17:42:21","guid":{"rendered":"https:\/\/www.haus-elisabeth-bohmte.de\/ambulante-assistenz\/?page_id=1300"},"modified":"2025-07-28T13:50:03","modified_gmt":"2025-07-28T11:50:03","slug":"impressum","status":"publish","type":"page","link":"https:\/\/www.haus-elisabeth-bohmte.de\/ambulante-assistenz\/impressum\/","title":{"rendered":"Impressum"},"content":{"rendered":"\n<p>Seniorenzentrum Bohmte GmbH<br>Haus Elisabeth<br>Gartenstra\u00dfe 12<br>49163 Bohmte<\/p>\n\n\n\n<p>Registergericht: Amtsgericht Osnabr\u00fcck<\/p>\n\n\n\n<p><strong>Vertreten durch:<\/strong><br>Marita Sachse-Onken<br>Ulrich Calmer<br>IK 510341536<\/p>\n\n\n\n<h3 class=\"wp-block-heading\">Kontakt<\/h3>\n\n\n\n<p>Telefon: 0 54 71 | 95 52 0<br>Telefax: 0 54 71 | 81 90<br>E-Mail: info@haus-elisabeth-bohmte.de<\/p>\n\n\n\n<h2 class=\"wp-block-heading\"><strong>Redaktionell verantwortlich<\/strong><\/h2>\n\n\n\n<p>Marita Sachse-Onken<\/p>\n\n\n\n<h2 class=\"wp-block-heading\"><strong>Verbraucherstreitbeilegung\/Universalschlichtungsstelle<\/strong><\/h2>\n\n\n\n<p>Wir sind nicht bereit oder verpflichtet, an Streitbeilegungsverfahren vor einer Verbraucherschlichtungsstelle teilzunehmen.<\/p>\n\n\n\n<p>Quelle:&nbsp;<a href=\"https:\/\/www.e-recht24.de\/\">https:\/\/www.e-recht24.de<\/a><\/p>\n","protected":false},"excerpt":{"rendered":"<p>Seniorenzentrum Bohmte GmbHHaus ElisabethGartenstra\u00dfe 1249163 Bohmte Registergericht: Amtsgericht Osnabr\u00fcck Vertreten durch:Marita Sachse-OnkenUlrich CalmerIK 510341536 Kontakt Telefon: 0 54 71 | [&hellip;]<\/p>\n","protected":false},"author":1,"featured_media":0,"parent":0,"menu_order":0,"comment_status":"closed","ping_status":"closed","template":"","meta":{"_uag_custom_page_level_css":"","site-sidebar-layout":"default","site-content-layout":"","ast-site-content-layout":"default","site-content-style":"default","site-sidebar-style":"default","ast-global-header-display":"","ast-banner-title-visibility":"","ast-main-header-display":"","ast-hfb-above-header-display":"","ast-hfb-below-header-display":"","ast-hfb-mobile-header-display":"","site-post-title":"","ast-breadcrumbs-content":"","ast-featured-img":"","footer-sml-layout":"","theme-transparent-header-meta":"","adv-header-id-meta":"","stick-header-meta":"","header-above-stick-meta":"","header-main-stick-meta":"","header-below-stick-meta":"","astra-migrate-meta-layouts":"default","ast-page-background-enabled":"default","ast-page-background-meta":{"desktop":{"background-color":"var(--ast-global-color-5)","background-image":"","background-repeat":"repeat","background-position":"center center","background-size":"auto","background-attachment":"scroll","background-type":"","background-media":"","overlay-type":"","overlay-color":"","overlay-opacity":"","overlay-gradient":""},"tablet":{"background-color":"","background-image":"","background-repeat":"repeat","background-position":"center center","background-size":"auto","background-attachment":"scroll","background-type":"","background-media":"","overlay-type":"","overlay-color":"","overlay-opacity":"","overlay-gradient":""},"mobile":{"background-color":"","background-image":"","background-repeat":"repeat","background-position":"center center","background-size":"auto","background-attachment":"scroll","background-type":"","background-media":"","overlay-type":"","overlay-color":"","overlay-opacity":"","overlay-gradient":""}},"ast-content-background-meta":{"desktop":{"background-color":"var(--ast-global-color-4)","background-image":"","background-repeat":"repeat","background-position":"center center","background-size":"auto","background-attachment":"scroll","background-type":"","background-media":"","overlay-type":"","overlay-color":"","overlay-opacity":"","overlay-gradient":""},"tablet":{"background-color":"var(--ast-global-color-4)","background-image":"","background-repeat":"repeat","background-position":"center center","background-size":"auto","background-attachment":"scroll","background-type":"","background-media":"","overlay-type":"","overlay-color":"","overlay-opacity":"","overlay-gradient":""},"mobile":{"background-color":"var(--ast-global-color-4)","background-image":"","background-repeat":"repeat","background-position":"center center","background-size":"auto","background-attachment":"scroll","background-type":"","background-media":"","overlay-type":"","overlay-color":"","overlay-opacity":"","overlay-gradient":""}},"footnotes":""},"class_list":["post-1300","page","type-page","status-publish","hentry"],"yoast_head":"<!-- This site is optimized with the Yoast SEO plugin v25.6 - https:\/\/yoast.com\/wordpress\/plugins\/seo\/ -->\n<title>Impressum - Ambulante Assistenz im Haus Elisabeth f\u00fcr Menschen mit seelischer Behinderung<\/title>\n<meta name=\"robots\" content=\"index, follow, max-snippet:-1, max-image-preview:large, max-video-preview:-1\" \/>\n<link rel=\"canonical\" href=\"https:\/\/www.haus-elisabeth-bohmte.de\/ambulante-assistenz\/impressum\/\" \/>\n<meta property=\"og:locale\" content=\"de_DE\" \/>\n<meta property=\"og:type\" content=\"article\" \/>\n<meta property=\"og:title\" content=\"Impressum - Ambulante Assistenz im Haus Elisabeth f\u00fcr Menschen mit seelischer Behinderung\" \/>\n<meta property=\"og:description\" content=\"Seniorenzentrum Bohmte GmbHHaus ElisabethGartenstra\u00dfe 1249163 Bohmte Registergericht: Amtsgericht Osnabr\u00fcck Vertreten durch:Marita Sachse-OnkenUlrich CalmerIK 510341536 Kontakt Telefon: 0 54 71 | [&hellip;]\" \/>\n<meta property=\"og:url\" content=\"https:\/\/www.haus-elisabeth-bohmte.de\/ambulante-assistenz\/impressum\/\" \/>\n<meta property=\"og:site_name\" content=\"Ambulante Assistenz im Haus Elisabeth f\u00fcr Menschen mit seelischer Behinderung\" \/>\n<meta property=\"article:modified_time\" content=\"2025-07-28T11:50:03+00:00\" \/>\n<meta name=\"twitter:card\" content=\"summary_large_image\" \/>\n<meta name=\"twitter:label1\" content=\"Gesch\u00e4tzte Lesezeit\" \/>\n\t<meta name=\"twitter:data1\" content=\"1\u00a0Minute\" \/>\n<script type=\"application\/ld+json\" class=\"yoast-schema-graph\">{\"@context\":\"https:\/\/schema.org\",\"@graph\":[{\"@type\":\"WebPage\",\"@id\":\"https:\/\/www.haus-elisabeth-bohmte.de\/ambulante-assistenz\/impressum\/\",\"url\":\"https:\/\/www.haus-elisabeth-bohmte.de\/ambulante-assistenz\/impressum\/\",\"name\":\"Impressum - Ambulante Assistenz im Haus Elisabeth f\u00fcr Menschen mit seelischer Behinderung\",\"isPartOf\":{\"@id\":\"https:\/\/www.haus-elisabeth-bohmte.de\/ambulante-assistenz\/#website\"},\"datePublished\":\"2025-07-18T17:42:21+00:00\",\"dateModified\":\"2025-07-28T11:50:03+00:00\",\"breadcrumb\":{\"@id\":\"https:\/\/www.haus-elisabeth-bohmte.de\/ambulante-assistenz\/impressum\/#breadcrumb\"},\"inLanguage\":\"de\",\"potentialAction\":[{\"@type\":\"ReadAction\",\"target\":[\"https:\/\/www.haus-elisabeth-bohmte.de\/ambulante-assistenz\/impressum\/\"]}]},{\"@type\":\"BreadcrumbList\",\"@id\":\"https:\/\/www.haus-elisabeth-bohmte.de\/ambulante-assistenz\/impressum\/#breadcrumb\",\"itemListElement\":[{\"@type\":\"ListItem\",\"position\":1,\"name\":\"Startseite\",\"item\":\"https:\/\/www.haus-elisabeth-bohmte.de\/ambulante-assistenz\/\"},{\"@type\":\"ListItem\",\"position\":2,\"name\":\"Impressum\"}]},{\"@type\":\"WebSite\",\"@id\":\"https:\/\/www.haus-elisabeth-bohmte.de\/ambulante-assistenz\/#website\",\"url\":\"https:\/\/www.haus-elisabeth-bohmte.de\/ambulante-assistenz\/\",\"name\":\"Ambulante Assistenz im Haus Elisabeth f\u00fcr Menschen mit seelischer Behinderung\",\"description\":\"Eine weitere Haus Elisabeth - Seniorenzentrum Bohmte Websites Website\",\"publisher\":{\"@id\":\"https:\/\/www.haus-elisabeth-bohmte.de\/ambulante-assistenz\/#organization\"},\"potentialAction\":[{\"@type\":\"SearchAction\",\"target\":{\"@type\":\"EntryPoint\",\"urlTemplate\":\"https:\/\/www.haus-elisabeth-bohmte.de\/ambulante-assistenz\/?s={search_term_string}\"},\"query-input\":{\"@type\":\"PropertyValueSpecification\",\"valueRequired\":true,\"valueName\":\"search_term_string\"}}],\"inLanguage\":\"de\"},{\"@type\":\"Organization\",\"@id\":\"https:\/\/www.haus-elisabeth-bohmte.de\/ambulante-assistenz\/#organization\",\"name\":\"Ambulante Assistenz im Haus Elisabeth f\u00fcr Menschen mit seelischer Behinderung\",\"url\":\"https:\/\/www.haus-elisabeth-bohmte.de\/ambulante-assistenz\/\",\"logo\":{\"@type\":\"ImageObject\",\"inLanguage\":\"de\",\"@id\":\"https:\/\/www.haus-elisabeth-bohmte.de\/ambulante-assistenz\/#\/schema\/logo\/image\/\",\"url\":\"https:\/\/www.haus-elisabeth-bohmte.de\/ambulante-assistenz\/wp-content\/uploads\/sites\/3\/2023\/05\/FooterLogo_AmbAss-Bohmte19.png\",\"contentUrl\":\"https:\/\/www.haus-elisabeth-bohmte.de\/ambulante-assistenz\/wp-content\/uploads\/sites\/3\/2023\/05\/FooterLogo_AmbAss-Bohmte19.png\",\"width\":300,\"height\":152,\"caption\":\"Ambulante Assistenz im Haus Elisabeth f\u00fcr Menschen mit seelischer Behinderung\"},\"image\":{\"@id\":\"https:\/\/www.haus-elisabeth-bohmte.de\/ambulante-assistenz\/#\/schema\/logo\/image\/\"}}]}<\/script>\n<!-- \/ Yoast SEO plugin. -->","yoast_head_json":{"title":"Impressum - Ambulante Assistenz im Haus Elisabeth f\u00fcr Menschen mit seelischer Behinderung","robots":{"index":"index","follow":"follow","max-snippet":"max-snippet:-1","max-image-preview":"max-image-preview:large","max-video-preview":"max-video-preview:-1"},"canonical":"https:\/\/www.haus-elisabeth-bohmte.de\/ambulante-assistenz\/impressum\/","og_locale":"de_DE","og_type":"article","og_title":"Impressum - Ambulante Assistenz im Haus Elisabeth f\u00fcr Menschen mit seelischer Behinderung","og_description":"Seniorenzentrum Bohmte GmbHHaus ElisabethGartenstra\u00dfe 1249163 Bohmte Registergericht: Amtsgericht Osnabr\u00fcck Vertreten durch:Marita Sachse-OnkenUlrich CalmerIK 510341536 Kontakt Telefon: 0 54 71 | [&hellip;]","og_url":"https:\/\/www.haus-elisabeth-bohmte.de\/ambulante-assistenz\/impressum\/","og_site_name":"Ambulante Assistenz im Haus Elisabeth f\u00fcr Menschen mit seelischer Behinderung","article_modified_time":"2025-07-28T11:50:03+00:00","twitter_card":"summary_large_image","twitter_misc":{"Gesch\u00e4tzte Lesezeit":"1\u00a0Minute"},"schema":{"@context":"https:\/\/schema.org","@graph":[{"@type":"WebPage","@id":"https:\/\/www.haus-elisabeth-bohmte.de\/ambulante-assistenz\/impressum\/","url":"https:\/\/www.haus-elisabeth-bohmte.de\/ambulante-assistenz\/impressum\/","name":"Impressum - Ambulante Assistenz im Haus Elisabeth f\u00fcr Menschen mit seelischer Behinderung","isPartOf":{"@id":"https:\/\/www.haus-elisabeth-bohmte.de\/ambulante-assistenz\/#website"},"datePublished":"2025-07-18T17:42:21+00:00","dateModified":"2025-07-28T11:50:03+00:00","breadcrumb":{"@id":"https:\/\/www.haus-elisabeth-bohmte.de\/ambulante-assistenz\/impressum\/#breadcrumb"},"inLanguage":"de","potentialAction":[{"@type":"ReadAction","target":["https:\/\/www.haus-elisabeth-bohmte.de\/ambulante-assistenz\/impressum\/"]}]},{"@type":"BreadcrumbList","@id":"https:\/\/www.haus-elisabeth-bohmte.de\/ambulante-assistenz\/impressum\/#breadcrumb","itemListElement":[{"@type":"ListItem","position":1,"name":"Startseite","item":"https:\/\/www.haus-elisabeth-bohmte.de\/ambulante-assistenz\/"},{"@type":"ListItem","position":2,"name":"Impressum"}]},{"@type":"WebSite","@id":"https:\/\/www.haus-elisabeth-bohmte.de\/ambulante-assistenz\/#website","url":"https:\/\/www.haus-elisabeth-bohmte.de\/ambulante-assistenz\/","name":"Ambulante Assistenz im Haus Elisabeth f\u00fcr Menschen mit seelischer Behinderung","description":"Eine weitere Haus Elisabeth - Seniorenzentrum Bohmte Websites Website","publisher":{"@id":"https:\/\/www.haus-elisabeth-bohmte.de\/ambulante-assistenz\/#organization"},"potentialAction":[{"@type":"SearchAction","target":{"@type":"EntryPoint","urlTemplate":"https:\/\/www.haus-elisabeth-bohmte.de\/ambulante-assistenz\/?s={search_term_string}"},"query-input":{"@type":"PropertyValueSpecification","valueRequired":true,"valueName":"search_term_string"}}],"inLanguage":"de"},{"@type":"Organization","@id":"https:\/\/www.haus-elisabeth-bohmte.de\/ambulante-assistenz\/#organization","name":"Ambulante Assistenz im Haus Elisabeth f\u00fcr Menschen mit seelischer Behinderung","url":"https:\/\/www.haus-elisabeth-bohmte.de\/ambulante-assistenz\/","logo":{"@type":"ImageObject","inLanguage":"de","@id":"https:\/\/www.haus-elisabeth-bohmte.de\/ambulante-assistenz\/#\/schema\/logo\/image\/","url":"https:\/\/www.haus-elisabeth-bohmte.de\/ambulante-assistenz\/wp-content\/uploads\/sites\/3\/2023\/05\/FooterLogo_AmbAss-Bohmte19.png","contentUrl":"https:\/\/www.haus-elisabeth-bohmte.de\/ambulante-assistenz\/wp-content\/uploads\/sites\/3\/2023\/05\/FooterLogo_AmbAss-Bohmte19.png","width":300,"height":152,"caption":"Ambulante Assistenz im Haus Elisabeth f\u00fcr Menschen mit seelischer Behinderung"},"image":{"@id":"https:\/\/www.haus-elisabeth-bohmte.de\/ambulante-assistenz\/#\/schema\/logo\/image\/"}}]}},"uagb_featured_image_src":{"full":false,"thumbnail":false,"medium":false,"medium_large":false,"large":false,"1536x1536":false,"2048x2048":false},"uagb_author_info":{"display_name":"admin","author_link":"https:\/\/www.haus-elisabeth-bohmte.de\/ambulante-assistenz\/author\/admin\/"},"uagb_comment_info":0,"uagb_excerpt":"Seniorenzentrum Bohmte GmbHHaus ElisabethGartenstra\u00dfe 1249163 Bohmte Registergericht: Amtsgericht Osnabr\u00fcck Vertreten durch:Marita Sachse-OnkenUlrich CalmerIK 510341536 Kontakt Telefon: 0 54 71 | [&hellip;]","_links":{"self":[{"href":"https:\/\/www.haus-elisabeth-bohmte.de\/ambulante-assistenz\/wp-json\/wp\/v2\/pages\/1300","targetHints":{"allow":["GET"]}}],"collection":[{"href":"https:\/\/www.haus-elisabeth-bohmte.de\/ambulante-assistenz\/wp-json\/wp\/v2\/pages"}],"about":[{"href":"https:\/\/www.haus-elisabeth-bohmte.de\/ambulante-assistenz\/wp-json\/wp\/v2\/types\/page"}],"author":[{"embeddable":true,"href":"https:\/\/www.haus-elisabeth-bohmte.de\/ambulante-assistenz\/wp-json\/wp\/v2\/users\/1"}],"replies":[{"embeddable":true,"href":"https:\/\/www.haus-elisabeth-bohmte.de\/ambulante-assistenz\/wp-json\/wp\/v2\/comments?post=1300"}],"version-history":[{"count":5,"href":"https:\/\/www.haus-elisabeth-bohmte.de\/ambulante-assistenz\/wp-json\/wp\/v2\/pages\/1300\/revisions"}],"predecessor-version":[{"id":1330,"href":"https:\/\/www.haus-elisabeth-bohmte.de\/ambulante-assistenz\/wp-json\/wp\/v2\/pages\/1300\/revisions\/1330"}],"wp:attachment":[{"href":"https:\/\/www.haus-elisabeth-bohmte.de\/ambulante-assistenz\/wp-json\/wp\/v2\/media?parent=1300"}],"curies":[{"name":"wp","href":"https:\/\/api.w.org\/{rel}","templated":true}]}}